{"id":1097,"date":"2024-02-09T08:24:49","date_gmt":"2024-02-09T08:24:49","guid":{"rendered":"https:\/\/seborefminerals.com\/purchasing-materials\/"},"modified":"2024-09-17T07:40:10","modified_gmt":"2024-09-17T07:40:10","slug":"purchasing-materials","status":"publish","type":"page","link":"https:\/\/seborefminerals.com\/cs\/purchasing-materials\/","title":{"rendered":"N\u00e1kup materi\u00e1l\u016f"},"content":{"rendered":"","protected":false},"excerpt":{"rendered":"","protected":false},"author":1,"featured_media":0,"parent":0,"menu_order":0,"comment_status":"closed","ping_status":"closed","template":"index.php","meta":{"_acf_changed":true,"inline_featured_image":false,"footnotes":""},"class_list":["post-1097","page","type-page","status-publish","hentry"],"acf":[],"yoast_head":"<!-- This site is optimized with the Yoast SEO plugin v22.3 - https:\/\/yoast.com\/wordpress\/plugins\/seo\/ -->\n<title>N\u00e1kup materi\u00e1l\u016f - SEBOREF<\/title>\n<meta name=\"robots\" content=\"index, follow, max-snippet:-1, max-image-preview:large, max-video-preview:-1\" \/>\n<link rel=\"canonical\" href=\"https:\/\/seborefminerals.com\/cs\/purchasing-materials\/\" \/>\n<meta property=\"og:locale\" content=\"cs_CZ\" \/>\n<meta property=\"og:type\" content=\"article\" \/>\n<meta property=\"og:title\" content=\"N\u00e1kup materi\u00e1l\u016f - SEBOREF\" \/>\n<meta property=\"og:url\" content=\"https:\/\/seborefminerals.com\/cs\/purchasing-materials\/\" \/>\n<meta property=\"og:site_name\" content=\"SEBOREF\" \/>\n<meta property=\"article:modified_time\" content=\"2024-09-17T07:40:10+00:00\" \/>\n<meta property=\"og:image\" content=\"https:\/\/seborefminerals.com\/wp-content\/uploads\/2024\/03\/SEBO__ID_work-11.jpg\" \/>\n\t<meta property=\"og:image:width\" content=\"2048\" \/>\n\t<meta property=\"og:image:height\" content=\"1218\" \/>\n\t<meta property=\"og:image:type\" content=\"image\/jpeg\" \/>\n<meta name=\"twitter:card\" content=\"summary_large_image\" \/>\n<script type=\"application\/ld+json\" class=\"yoast-schema-graph\">{\"@context\":\"https:\/\/schema.org\",\"@graph\":[{\"@type\":\"WebPage\",\"@id\":\"https:\/\/seborefminerals.com\/cs\/purchasing-materials\/\",\"url\":\"https:\/\/seborefminerals.com\/cs\/purchasing-materials\/\",\"name\":\"N\u00e1kup materi\u00e1l\u016f - SEBOREF\",\"isPartOf\":{\"@id\":\"https:\/\/seborefminerals.com\/#website\"},\"datePublished\":\"2024-02-09T08:24:49+00:00\",\"dateModified\":\"2024-09-17T07:40:10+00:00\",\"breadcrumb\":{\"@id\":\"https:\/\/seborefminerals.com\/cs\/purchasing-materials\/#breadcrumb\"},\"inLanguage\":\"cs\",\"potentialAction\":[{\"@type\":\"ReadAction\",\"target\":[\"https:\/\/seborefminerals.com\/cs\/purchasing-materials\/\"]}]},{\"@type\":\"BreadcrumbList\",\"@id\":\"https:\/\/seborefminerals.com\/cs\/purchasing-materials\/#breadcrumb\",\"itemListElement\":[{\"@type\":\"ListItem\",\"position\":1,\"name\":\"Home\",\"item\":\"https:\/\/seborefminerals.com\/cs\/\"},{\"@type\":\"ListItem\",\"position\":2,\"name\":\"N\u00e1kup materi\u00e1l\u016f\"}]},{\"@type\":\"WebSite\",\"@id\":\"https:\/\/seborefminerals.com\/#website\",\"url\":\"https:\/\/seborefminerals.com\/\",\"name\":\"SEBOREF\",\"description\":\"\",\"potentialAction\":[{\"@type\":\"SearchAction\",\"target\":{\"@type\":\"EntryPoint\",\"urlTemplate\":\"https:\/\/seborefminerals.com\/?s={search_term_string}\"},\"query-input\":\"required name=search_term_string\"}],\"inLanguage\":\"cs\"}]}<\/script>\n<!-- \/ Yoast SEO plugin. -->","yoast_head_json":{"title":"N\u00e1kup materi\u00e1l\u016f - SEBOREF","robots":{"index":"index","follow":"follow","max-snippet":"max-snippet:-1","max-image-preview":"max-image-preview:large","max-video-preview":"max-video-preview:-1"},"canonical":"https:\/\/seborefminerals.com\/cs\/purchasing-materials\/","og_locale":"cs_CZ","og_type":"article","og_title":"N\u00e1kup materi\u00e1l\u016f - SEBOREF","og_url":"https:\/\/seborefminerals.com\/cs\/purchasing-materials\/","og_site_name":"SEBOREF","article_modified_time":"2024-09-17T07:40:10+00:00","og_image":[{"width":2048,"height":1218,"url":"https:\/\/seborefminerals.com\/wp-content\/uploads\/2024\/03\/SEBO__ID_work-11.jpg","type":"image\/jpeg"}],"twitter_card":"summary_large_image","schema":{"@context":"https:\/\/schema.org","@graph":[{"@type":"WebPage","@id":"https:\/\/seborefminerals.com\/cs\/purchasing-materials\/","url":"https:\/\/seborefminerals.com\/cs\/purchasing-materials\/","name":"N\u00e1kup materi\u00e1l\u016f - SEBOREF","isPartOf":{"@id":"https:\/\/seborefminerals.com\/#website"},"datePublished":"2024-02-09T08:24:49+00:00","dateModified":"2024-09-17T07:40:10+00:00","breadcrumb":{"@id":"https:\/\/seborefminerals.com\/cs\/purchasing-materials\/#breadcrumb"},"inLanguage":"cs","potentialAction":[{"@type":"ReadAction","target":["https:\/\/seborefminerals.com\/cs\/purchasing-materials\/"]}]},{"@type":"BreadcrumbList","@id":"https:\/\/seborefminerals.com\/cs\/purchasing-materials\/#breadcrumb","itemListElement":[{"@type":"ListItem","position":1,"name":"Home","item":"https:\/\/seborefminerals.com\/cs\/"},{"@type":"ListItem","position":2,"name":"N\u00e1kup materi\u00e1l\u016f"}]},{"@type":"WebSite","@id":"https:\/\/seborefminerals.com\/#website","url":"https:\/\/seborefminerals.com\/","name":"SEBOREF","description":"","potentialAction":[{"@type":"SearchAction","target":{"@type":"EntryPoint","urlTemplate":"https:\/\/seborefminerals.com\/?s={search_term_string}"},"query-input":"required name=search_term_string"}],"inLanguage":"cs"}]}},"_links":{"self":[{"href":"https:\/\/seborefminerals.com\/cs\/wp-json\/wp\/v2\/pages\/1097","targetHints":{"allow":["GET"]}}],"collection":[{"href":"https:\/\/seborefminerals.com\/cs\/wp-json\/wp\/v2\/pages"}],"about":[{"href":"https:\/\/seborefminerals.com\/cs\/wp-json\/wp\/v2\/types\/page"}],"author":[{"embeddable":true,"href":"https:\/\/seborefminerals.com\/cs\/wp-json\/wp\/v2\/users\/1"}],"replies":[{"embeddable":true,"href":"https:\/\/seborefminerals.com\/cs\/wp-json\/wp\/v2\/comments?post=1097"}],"version-history":[{"count":0,"href":"https:\/\/seborefminerals.com\/cs\/wp-json\/wp\/v2\/pages\/1097\/revisions"}],"wp:attachment":[{"href":"https:\/\/seborefminerals.com\/cs\/wp-json\/wp\/v2\/media?parent=1097"}],"curies":[{"name":"wp","href":"https:\/\/api.w.org\/{rel}","templated":true}]}}